{"id":29,"date":"2019-09-16T18:59:53","date_gmt":"2019-09-16T16:59:53","guid":{"rendered":"http:\/\/serrurier-nordest.fr\/?page_id=29"},"modified":"2019-09-19T17:49:28","modified_gmt":"2019-09-19T15:49:28","slug":"serrurier-nord-est","status":"publish","type":"page","link":"https:\/\/serrurier-nordest.fr\/index.php\/serrurier-nord-est\/","title":{"rendered":"Serrurier Nord EST"},"content":{"rendered":"\n<div class=\"wp-block-image\"><figure class=\"aligncenter\"><img loading=\"lazy\" width=\"626\" height=\"280\" src=\"http:\/\/serrurier-nordest.fr\/wp-content\/uploads\/2019\/09\/LOGO-NORD-EST-SERRURIER.jpg\" alt=\"serrurier NORD EST\" class=\"wp-image-5\" srcset=\"https:\/\/serrurier-nordest.fr\/wp-content\/uploads\/2019\/09\/LOGO-NORD-EST-SERRURIER.jpg 626w, https:\/\/serrurier-nordest.fr\/wp-content\/uploads\/2019\/09\/LOGO-NORD-EST-SERRURIER-300x134.jpg 300w\" sizes=\"(max-width: 626px) 100vw, 626px\" \/><figcaption>d\u00e9pannage 24h\/24 7j\/7<\/figcaption><\/figure><\/div>\n\n\n\n<p>Serrurier Nord Est est le serrurier pour vous d\u00e9panner. Cl\u00e9s perdues ou oubli\u00e9es ? Serrures bloqu\u00e9es ? Verrous cass\u00e9s ? Portes \u00e0 remplacer ? Devant ce genre de tracas, il est toujours utile d\u2019avoir le num\u00e9ro ou l\u2019adresse d\u2019un serrurier sous la main. Oui mais voil\u00e0, dans l\u2019urgence ou la panique, votre choix pr\u00e9cipit\u00e9 de serrurier peut avoir de f\u00e2cheuses cons\u00e9quences: travail incomplet, remplacements inutiles, pi\u00e8ces co\u00fbteuses, additions sal\u00e9es, etc\u2026 C\u2019est pourquoi Serrurier NORD EST vous propose LE serruriers de qualit\u00e9 \u00e0 prix juste et transparent au niveau r\u00e9gional (Alsace, Franche-comt\u00e9). Le meilleurs serruriers \u00e0 proximit\u00e9 de chez vous : Proximit\u00e9, tarifs, rapports qualit\u00e9\/prix, devis gratuits, catalogues, avis\u2026 Expliquez-nous votre probl\u00e8me, Obtenez un prix d&#8217;intervention fixe, Le meilleur serrurier chez vous en 30 Min. <\/p>\n\n\n\n<figure class=\"wp-block-image\"><img loading=\"lazy\" width=\"968\" height=\"353\" src=\"http:\/\/serrurier-nordest.fr\/wp-content\/uploads\/2019\/09\/SERRURIER-NORD-EST-24h24-7j7.jpg\" alt=\"Serrurier Mulhouse Nord est\" class=\"wp-image-62\" srcset=\"https:\/\/serrurier-nordest.fr\/wp-content\/uploads\/2019\/09\/SERRURIER-NORD-EST-24h24-7j7.jpg 968w, https:\/\/serrurier-nordest.fr\/wp-content\/uploads\/2019\/09\/SERRURIER-NORD-EST-24h24-7j7-300x109.jpg 300w, https:\/\/serrurier-nordest.fr\/wp-content\/uploads\/2019\/09\/SERRURIER-NORD-EST-24h24-7j7-768x280.jpg 768w\" sizes=\"(max-width: 968px) 100vw, 968px\" \/><figcaption>Serrurier 24h\/h 7j7<\/figcaption><\/figure>\n\n\n\n<p><\/p>\n\n\n\n<p>\nSoyez d\u00e9pann\u00e9 par un artisan serrurier de confiance, proche de chez \nvous. En urgence ou sur rendez-vous, disponible 24h\/24 et 7J\/7. Plus \nd&#8217;inqui\u00e9tude sur la facture, nos prix sont fixes et transparents ! Si du\n mat\u00e9riel est \u00e0 remplacer, un devis gratuit vous sera propos\u00e9 afin de \nd\u00e9terminer le prix de celui-ci. Libre \u00e0 vous de l&#8217;accepter ou de le \nrefuser.\n\n<\/p>\n","protected":false},"excerpt":{"rendered":"<p>Serrurier Nord Est est le serrurier pour vous d\u00e9panner. Cl\u00e9s perdues ou oubli\u00e9es ? Serrures bloqu\u00e9es ? Verrous cass\u00e9s ? Portes \u00e0 remplacer ? Devant ce genre de tracas, il est toujours utile d\u2019avoir le num\u00e9ro ou l\u2019adresse d\u2019un serrurier sous la main. Oui mais voil\u00e0, dans l\u2019urgence ou la panique, votre choix pr\u00e9cipit\u00e9 de [&hellip;]<\/p>\n","protected":false},"author":1,"featured_media":0,"parent":0,"menu_order":0,"comment_status":"closed","ping_status":"closed","template":"about.php","meta":[],"_links":{"self":[{"href":"https:\/\/serrurier-nordest.fr\/index.php\/wp-json\/wp\/v2\/pages\/29"}],"collection":[{"href":"https:\/\/serrurier-nordest.fr\/index.php\/wp-json\/wp\/v2\/pages"}],"about":[{"href":"https:\/\/serrurier-nordest.fr\/index.php\/wp-json\/wp\/v2\/types\/page"}],"author":[{"embeddable":true,"href":"https:\/\/serrurier-nordest.fr\/index.php\/wp-json\/wp\/v2\/users\/1"}],"replies":[{"embeddable":true,"href":"https:\/\/serrurier-nordest.fr\/index.php\/wp-json\/wp\/v2\/comments?post=29"}],"version-history":[{"count":4,"href":"https:\/\/serrurier-nordest.fr\/index.php\/wp-json\/wp\/v2\/pages\/29\/revisions"}],"predecessor-version":[{"id":96,"href":"https:\/\/serrurier-nordest.fr\/index.php\/wp-json\/wp\/v2\/pages\/29\/revisions\/96"}],"wp:attachment":[{"href":"https:\/\/serrurier-nordest.fr\/index.php\/wp-json\/wp\/v2\/media?parent=29"}],"curies":[{"name":"wp","href":"https:\/\/api.w.org\/{rel}","templated":true}]}}